{"id":1751,"date":"2021-08-06T01:49:07","date_gmt":"2021-08-06T01:49:07","guid":{"rendered":"https:\/\/narnihs.org\/?page_id=1751"},"modified":"2022-04-09T03:27:43","modified_gmt":"2022-04-09T03:27:43","slug":"program-nwav-49","status":"publish","type":"page","link":"https:\/\/narnihs.org\/?page_id=1751","title":{"rendered":"Program: @ NWAV 49"},"content":{"rendered":"<p><strong><span style=\"font-size: 14pt;\">NARNiHS special session at <a href=\"https:\/\/www.nwav49.org\/\" target=\"_blank\" rel=\"noopener noreferrer\">NWAV 49<\/a><\/span><br \/>\n<\/strong><em>University of Texas at Austin \u2013 19-24 October 2021<\/em><\/p>\n<p><span style=\"font-size: 14pt;\"><strong>Saturday, 23 October 2021<\/strong><\/span><br \/>\n<span style=\"color: #b50202;\"><strong>NOTE:<\/strong><\/span> &nbsp;All times listed are U.S. Central Time (UTC -5:00)<\/p>\n<p><strong>Pre-recorded presentation videos:<\/strong> <a href=\"https:\/\/narnihs.org\/media\/NWAV49\/\" target=\"_blank\" rel=\"noopener\">https:\/\/narnihs.org\/media\/NWAV49\/<\/a><\/p>\n<p><span style=\"font-size: 18pt; color: #348857;\"><strong>Historical Sociolinguistics: Variations in Methodologies<\/strong><\/span><\/p>\n<p>10:55-11:00<br \/>\nIntroduction of the panel<br \/>\n<em>-Sandrine Tailleur, Universit\u00e9 du Qu\u00e9bec \u00e0 Chicoutimi, and Nandi Sims, Florida International University<\/em><\/p>\n<p>11:00-11:10<br \/>\n&#8220;A diachronic study of Dutch verbal cluster order: Evaluating the interaction between linguistic and sociolinguistic variables&#8221;&nbsp;&nbsp;<em>[live lightning talk]<\/em><br \/>\n<em>\u2013 Julie Van Ongeval and Rik Vosters, both Vrije Universiteit Brussel.<\/em><\/p>\n<p>11:10-11:20<br \/>\n&#8220;Syntactic alternations and audience design: The case of asyndetic complementation in the history of Spanish (15th-18th century)&#8221; &nbsp;<em>[discussion of <a href=\"https:\/\/narnihs.org\/media\/NWAV49\/Mazzola_Cornillie_Rosemeyer.html\" target=\"_blank\" rel=\"noopener\">pre-recorded video<\/a>]<\/em><br \/>\n<em>\u2013 Giulia Mazzola and Bert Cornillie, both KU Leuven, and Malte Rosemeyer, Albert-Ludwigs-Universit\u00e4t Freiburg.<\/em><\/p>\n<p>11:20-11:30<br \/>\n&#8220;Quotation beyond &#8216;be like&#8217;: Indirect reporting over time&#8221; &nbsp;<em>[live lightning talk]<\/em><br \/>\n<em>\u2013 Alexandra D&#8217;Arcy, University of Victoria, and Ildara Enr\u00edquez Garc\u00eda, Independent Scholar.<\/em><\/p>\n<p>11:30-11:40<br \/>\n&#8220;Within and beyond futurity: A longitudinal analysis of <em>will<\/em> and <em>be going to<\/em>&#8221; &nbsp;<em>[live lightning talk]<\/em><br \/>\n<em>\u2013 Tomoharu Hirota, University of British Columbia.<\/em><\/p>\n<p>11:40-11:55<br \/>\nGeneral discussion and Q&amp;A<\/p>\n<p>11:55-12:00<br \/>\nIntroduction of the second group of presentations<br \/>\n<em>-Sandrine Tailleur, Universit\u00e9 du Qu\u00e9bec \u00e0 Chicoutimi, and Nandi Sims, Florida International University<\/em><\/p>\n<p>12:00-12:10<br \/>\n&#8220;The relationship between prescription and praxis: Towards a systematic account for Dutch&#8221; &nbsp;<em>[discussion of <a href=\"https:\/\/narnihs.org\/media\/NWAV49\/Lismont_Rutten_Vosters.html\" target=\"_blank\" rel=\"noopener\">pre-recorded video<\/a>]<\/em><br \/>\n<em>\u2013 Eline Lismont, Vrije Universiteit Brussel &amp; Leiden University, Gijsbert Rutten,<br \/>\nLeiden University, and Rik Vosters, Vrije Universiteit Brussel.<\/em><\/p>\n<p>12:10-12:20<br \/>\n&#8220;Contact-induced grammatical change in Early Modern Icelandic: The loss of the dual&#8221; &nbsp;<em>[live lightning talk]<\/em><br \/>\n<em>\u2013 Th\u00f3rhallur Eyth\u00f3rsson and Heimir F. Vi\u00f0arsson, both University of Island.<\/em><\/p>\n<p>12:20-12:30<br \/>\n&#8220;Language shift in a microcosm: Finnish-English bilingualism, contact, and substrate effects in Sointula, British Columbia&#8221; &nbsp;<em>[discussion of <a href=\"https:\/\/narnihs.org\/media\/NWAV49\/Johnson_Brook.html\" target=\"_blank\" rel=\"noopener\">pre-recorded video<\/a>]<\/em><br \/>\n<em>\u2013 Mirva Johnson, University of Wisconsin-Madison, and Marisa Brook, University of Toronto.<\/em><\/p>\n<p>12:30-12:40<br \/>\n&#8221; &#8216;We are all in a feirfull ferment, quhich I pray most ceis&#8217; &#8211; Scots in correspondence at the turn of the 18th Century&#8221; &nbsp;<em>[live lightning talk]<\/em><br \/>\n<em>\u2013 Sarah van Eyndhoven, University of Edinburgh.<\/em><\/p>\n<p>12:40-12:55<br \/>\nGeneral discussion and Q&amp;A<\/p>\n<p>See the <a href=\"https:\/\/virtual.oxfordabstracts.com\/#\/event\/public\/2091\/program\" target=\"_blank\" rel=\"noopener noreferrer\">full NWAV 49 program<\/a> and download the <a href=\"https:\/\/drive.google.com\/file\/d\/14xAIy90wSWFVTCX8BzPXcQkYKOwxvGCA\/view\" target=\"_blank\" rel=\"noopener noreferrer\">NWAV 49 PDF Abstract Booklet<\/a>.<\/p>\n","protected":false},"excerpt":{"rendered":"<p>NARNiHS special session at NWAV 49 University of Texas at Austin \u2013 19-24 October 2021 Saturday, 23 October 2021 NOTE: &nbsp;All times listed are U.S. Central Time (UTC -5:00) Pre-recorded presentation videos: https:\/\/narnihs.org\/media\/NWAV49\/ Historical Sociolinguistics: Variations in Methodologies 10:55-11:00 Introduction of the panel -Sandrine Tailleur, Universit\u00e9 du Qu\u00e9bec \u00e0 Chicoutimi, and Nandi Sims, Florida International &hellip; <\/p>\n<p class=\"link-more\"><a href=\"https:\/\/narnihs.org\/?page_id=1751\" class=\"more-link\">Continue reading<span class=\"screen-reader-text\"> &#8220;Program: @ NWAV 49&#8221;<\/span><\/a><\/p>\n","protected":false},"author":4,"featured_media":0,"parent":1537,"menu_order":0,"comment_status":"closed","ping_status":"closed","template":"","meta":{"footnotes":""},"class_list":["post-1751","page","type-page","status-publish","hentry"],"_links":{"self":[{"href":"https:\/\/narnihs.org\/index.php?rest_route=\/wp\/v2\/pages\/1751","targetHints":{"allow":["GET"]}}],"collection":[{"href":"https:\/\/narnihs.org\/index.php?rest_route=\/wp\/v2\/pages"}],"about":[{"href":"https:\/\/narnihs.org\/index.php?rest_route=\/wp\/v2\/types\/page"}],"author":[{"embeddable":true,"href":"https:\/\/narnihs.org\/index.php?rest_route=\/wp\/v2\/users\/4"}],"replies":[{"embeddable":true,"href":"https:\/\/narnihs.org\/index.php?rest_route=%2Fwp%2Fv2%2Fcomments&post=1751"}],"version-history":[{"count":47,"href":"https:\/\/narnihs.org\/index.php?rest_route=\/wp\/v2\/pages\/1751\/revisions"}],"predecessor-version":[{"id":1875,"href":"https:\/\/narnihs.org\/index.php?rest_route=\/wp\/v2\/pages\/1751\/revisions\/1875"}],"up":[{"embeddable":true,"href":"https:\/\/narnihs.org\/index.php?rest_route=\/wp\/v2\/pages\/1537"}],"wp:attachment":[{"href":"https:\/\/narnihs.org\/index.php?rest_route=%2Fwp%2Fv2%2Fmedia&parent=1751"}],"curies":[{"name":"wp","href":"https:\/\/api.w.org\/{rel}","templated":true}]}}