{"id":2053,"date":"2022-03-15T23:12:37","date_gmt":"2022-03-15T23:12:37","guid":{"rendered":"https:\/\/narnihs.org\/?page_id=2053"},"modified":"2023-04-01T01:42:49","modified_gmt":"2023-04-01T01:42:49","slug":"program-2022-incubator","status":"publish","type":"page","link":"https:\/\/narnihs.org\/?page_id=2053","title":{"rendered":"Program: 2022 Incubator"},"content":{"rendered":"<h2><strong><span style=\"color: #339966;\">Official Program for the<br \/>\n2022 NARNiHS Research Incubator<\/span><\/strong><\/h2>\n<p><span style=\"font-size: 14pt;\"><strong>North American Research Network in Historical Sociolinguistics <\/strong><\/span><br \/>\n<span style=\"font-size: 14pt;\"><strong><em>2022 Research Incubator<\/em><\/strong><\/span><\/p>\n<p><span style=\"font-size: 14pt; color: #ff0000;\"><strong>Entirely online via video-conference!<\/strong><\/span><br \/>\n<em> co-located at <a href=\"https:\/\/kflc.as.uky.edu\/\" target=\"_blank\" rel=\"noopener\">KFLC: The Languages, Literatures, and Cultures Conference<\/a> &#8211; University of Kentucky<\/em><\/p>\n<p><span style=\"text-decoration: underline;\"><strong>Thursday Morning, 21 April 2022<\/strong><\/span> <em><span style=\"color: #ff0000;\">&#8211; all times are U.S. Eastern Time<\/span><\/em><\/p>\n<p><strong><span style=\"color: #339966;\">The historical sociolinguistics of historically remote corpora<\/span><\/strong><br \/>\nChair: Sandrine Tailleur, Universit\u00e9 du Qu\u00e9bec \u00e0 Chicoutimi<\/p>\n<p>09:30 \u2013 Graphic, Graphemic, Orthographic, and Linguistic Variables in the Accession Statements in Classic Mayan Texts<br \/>\n<em>David Mora-Mar\u00edn, University of North Carolina-Chapel Hill<\/em><\/p>\n<p>10:00 \u2013 Use and social functions of epistolary formulae: investigating everyday letters from sixteenth century Tuscany<br \/>\n<em>Eleonora Serra, Ghent University<\/em><\/p>\n<p>10:30 \u2013 Coffee Break<\/p>\n<p>11:00 \u2013 Collaborative Brainstorming and Collective Discussion (incubation of ideas from the panel)<br \/>\n[1 hour] <em>led by Sandrine Tailleur, Universit\u00e9 du Qu\u00e9bec \u00e0 Chicoutimi<\/em><\/p>\n<p><span style=\"text-decoration: underline;\"><strong>Friday Morning, 22 April 2022<\/strong><\/span> <em><span style=\"color: #ff0000;\">&#8211; all times are U.S. Eastern Time<\/span><\/em><\/p>\n<p><strong><span style=\"color: #339966;\">The historical sociolinguistics of language discourses and individual identity<\/span><\/strong><br \/>\nChair: Carolina Amador-Moreno, Universitetet i Bergen<\/p>\n<p>09:30 \u2013 &#8220;Quaker Speak&#8221; in 19th-century patient letters from the York Retreat<br \/>\n<em>Julian Mader, Friedrich-Alexander-Universit\u00e4t Erlangen-N\u00fcrnberg<\/em><\/p>\n<p>10:00 \u2013 A corpus-based investigation of <em>thanks<\/em>, <em>thank you<\/em>, and <em>ta<\/em>: gender variation and change in the years 1994 and 2014<br \/>\n<em>Ljubica Leone, University of Lancaster<\/em><\/p>\n<p>10:30 \u2013 Coffee Break<\/p>\n<p>11:00 \u2013 Collaborative Brainstorming and Collective Discussion (incubation of ideas from the panel)<br \/>\n[1 hour] <em>led by Carolina Amador-Moreno, Universitetet i Bergen<\/em><\/p>\n<p><span style=\"text-decoration: underline;\"><strong>Saturday Morning, 23 April 2022<\/strong><\/span> <em><span style=\"color: #ff0000;\">&#8211; all times are U.S. Eastern Time<\/span><\/em><\/p>\n<p><strong><span style=\"color: #339966;\">The historical sociolinguistics of European immigration in the Americas<\/span><\/strong><br \/>\nChair: Israel Sanz-S\u00e1nchez, West Chester University<\/p>\n<p>09:30 \u2013 Immigration, social movements, and pronoun address variation in the city of Santos<br \/>\n<em>Victor Carre\u00e3o, State University of Campinas<\/em><\/p>\n<p>10:00 \u2013 The Language of the early 20th-century Serbian newspapers in the USA<br \/>\n<em>Jelena Vuji\u0107 and Aleksandar Milanovi\u0107, University of Belgrade<\/em><\/p>\n<p>10:30 \u2013 Coffee Break<\/p>\n<p>11:00 \u2013 Collaborative Brainstorming and Collective Discussion (incubation of ideas from the panel)<br \/>\n[1 hour] <em>led by: Israel Sanz-S\u00e1nchez, West Chester University<\/em><\/p>\n","protected":false},"excerpt":{"rendered":"<p>Official Program for the 2022 NARNiHS Research Incubator North American Research Network in Historical Sociolinguistics 2022 Research Incubator Entirely online via video-conference! co-located at KFLC: The Languages, Literatures, and Cultures Conference &#8211; University of Kentucky Thursday Morning, 21 April 2022 &#8211; all times are U.S. Eastern Time The historical sociolinguistics of historically remote corpora Chair: &hellip; <\/p>\n<p class=\"link-more\"><a href=\"https:\/\/narnihs.org\/?page_id=2053\" class=\"more-link\">Continue reading<span class=\"screen-reader-text\"> &#8220;Program: 2022 Incubator&#8221;<\/span><\/a><\/p>\n","protected":false},"author":4,"featured_media":0,"parent":1827,"menu_order":0,"comment_status":"closed","ping_status":"closed","template":"","meta":{"footnotes":""},"class_list":["post-2053","page","type-page","status-publish","hentry"],"_links":{"self":[{"href":"https:\/\/narnihs.org\/index.php?rest_route=\/wp\/v2\/pages\/2053","targetHints":{"allow":["GET"]}}],"collection":[{"href":"https:\/\/narnihs.org\/index.php?rest_route=\/wp\/v2\/pages"}],"about":[{"href":"https:\/\/narnihs.org\/index.php?rest_route=\/wp\/v2\/types\/page"}],"author":[{"embeddable":true,"href":"https:\/\/narnihs.org\/index.php?rest_route=\/wp\/v2\/users\/4"}],"replies":[{"embeddable":true,"href":"https:\/\/narnihs.org\/index.php?rest_route=%2Fwp%2Fv2%2Fcomments&post=2053"}],"version-history":[{"count":19,"href":"https:\/\/narnihs.org\/index.php?rest_route=\/wp\/v2\/pages\/2053\/revisions"}],"predecessor-version":[{"id":2147,"href":"https:\/\/narnihs.org\/index.php?rest_route=\/wp\/v2\/pages\/2053\/revisions\/2147"}],"up":[{"embeddable":true,"href":"https:\/\/narnihs.org\/index.php?rest_route=\/wp\/v2\/pages\/1827"}],"wp:attachment":[{"href":"https:\/\/narnihs.org\/index.php?rest_route=%2Fwp%2Fv2%2Fmedia&parent=2053"}],"curies":[{"name":"wp","href":"https:\/\/api.w.org\/{rel}","templated":true}]}}