{"id":2160,"date":"2022-07-15T15:29:08","date_gmt":"2022-07-15T15:29:08","guid":{"rendered":"https:\/\/narnihs.org\/?page_id=2160"},"modified":"2023-12-31T20:47:03","modified_gmt":"2023-12-31T20:47:03","slug":"about-narnihs-2023","status":"publish","type":"page","link":"https:\/\/narnihs.org\/?page_id=2160","title":{"rendered":"About NARNiHS 2023"},"content":{"rendered":"<p><em>Despite the recent relaxation of global pandemic travel policies, travel concerns remain for many communities as of the summer of 2022. In light of these concerns, and in response to the positive feedback we have received concerning our recent all-online events, our NARNiHS 2023 Annual Meeting will once again be taking place as a <strong>free, entirely online event<\/strong>. This presents a great opportunity for scholars in historical sociolinguistics from all over the world to participate as presenters and\/or attendees without the limitations imposed by international travel. We encourage our fellow historical sociolinguists and scholars from related fields from our global scholarly community (in addition to North America) to join us online for our Fifth Annual Meeting.<\/em><\/p>\n<p>The North American Research Network in Historical Sociolinguistics (NARNiHS) will hold its Fifth Annual Meeting (NARNiHS 2023), Wednesday, January 4 \u2013 Sunday, January 8, 2023. Since NARNiHS is a Sister Society of the <a href=\"https:\/\/www.linguisticsociety.org\/\" target=\"_blank\" rel=\"noopener noreferrer\">Linguistic Society of America (LSA)<\/a>, NARNiHS 2023 will partially overlap with the <a href=\"https:\/\/virtual.oxfordabstracts.com\/#\/event\/public\/3045\/information\" target=\"_blank\" rel=\"noopener noreferrer\">LSA 2023 Annual Meeting<\/a>. The NARNiHS 2023 Annual Meeting, however, will be organized independently from the LSA Annual Meeting.<\/p>\n<p>&gt;&gt; <a href=\"https:\/\/narnihs.org\/?page_id=2164\"><span style=\"color: #339966;\"><strong>Call for Abstracts<\/strong><\/span><\/a> &lt;&lt;<br \/>\n&gt;&gt; <a href=\"https:\/\/narnihs.org\/?page_id=2291\"><span style=\"color: #339966;\"><strong>Conference Program<\/strong><\/span><\/a> &lt;&lt;<\/p>\n<p><span style=\"text-decoration: underline;\">Organizing Committee<\/span><br \/>\nJoshua Bousquette, University of Georgia.<br \/>\nMark Richard Lauersdorf, University of Kentucky.<br \/>\nIsrael Sanz-S\u00e1nchez, West Chester University.<br \/>\nSandrine Tailleur, Universit\u00e9 du Qu\u00e9bec \u00e0 Chicoutimi.<\/p>\n<p><span style=\"text-decoration: underline;\">Scientific Committee<\/span><br \/>\nCarolina Amador-Moreno, Universitetet i Bergen.<br \/>\nJoshua Bousquette, University of Georgia.<br \/>\nMark Richard Lauersdorf, University of Kentucky.<br \/>\nSam[antha] Litty, Europa-Universit\u00e4t Flensburg.<br \/>\nIsrael Sanz-S\u00e1nchez, West Chester University.<br \/>\nNandi Sims, Florida International University.<br \/>\nSandrine Tailleur, Universit\u00e9 du Qu\u00e9bec \u00e0 Chicoutimi.<br \/>\nJenelle Thomas, University of Oxford.<br \/>\nDonald Tuten, Emory University.<br \/>\nKelly E. Wright, University of Michigan.<\/p>\n","protected":false},"excerpt":{"rendered":"<p>Despite the recent relaxation of global pandemic travel policies, travel concerns remain for many communities as of the summer of 2022. In light of these concerns, and in response to the positive feedback we have received concerning our recent all-online events, our NARNiHS 2023 Annual Meeting will once again be taking place as a free, &hellip; <\/p>\n<p class=\"link-more\"><a href=\"https:\/\/narnihs.org\/?page_id=2160\" class=\"more-link\">Continue reading<span class=\"screen-reader-text\"> &#8220;About NARNiHS 2023&#8221;<\/span><\/a><\/p>\n","protected":false},"author":4,"featured_media":0,"parent":2149,"menu_order":0,"comment_status":"closed","ping_status":"closed","template":"","meta":{"footnotes":""},"class_list":["post-2160","page","type-page","status-publish","hentry"],"_links":{"self":[{"href":"https:\/\/narnihs.org\/index.php?rest_route=\/wp\/v2\/pages\/2160","targetHints":{"allow":["GET"]}}],"collection":[{"href":"https:\/\/narnihs.org\/index.php?rest_route=\/wp\/v2\/pages"}],"about":[{"href":"https:\/\/narnihs.org\/index.php?rest_route=\/wp\/v2\/types\/page"}],"author":[{"embeddable":true,"href":"https:\/\/narnihs.org\/index.php?rest_route=\/wp\/v2\/users\/4"}],"replies":[{"embeddable":true,"href":"https:\/\/narnihs.org\/index.php?rest_route=%2Fwp%2Fv2%2Fcomments&post=2160"}],"version-history":[{"count":5,"href":"https:\/\/narnihs.org\/index.php?rest_route=\/wp\/v2\/pages\/2160\/revisions"}],"predecessor-version":[{"id":2549,"href":"https:\/\/narnihs.org\/index.php?rest_route=\/wp\/v2\/pages\/2160\/revisions\/2549"}],"up":[{"embeddable":true,"href":"https:\/\/narnihs.org\/index.php?rest_route=\/wp\/v2\/pages\/2149"}],"wp:attachment":[{"href":"https:\/\/narnihs.org\/index.php?rest_route=%2Fwp%2Fv2%2Fmedia&parent=2160"}],"curies":[{"name":"wp","href":"https:\/\/api.w.org\/{rel}","templated":true}]}}