{"id":2454,"date":"2023-07-07T15:35:21","date_gmt":"2023-07-07T15:35:21","guid":{"rendered":"https:\/\/narnihs.org\/?page_id=2454"},"modified":"2024-06-25T14:52:33","modified_gmt":"2024-06-25T14:52:33","slug":"about-narnihs-2024","status":"publish","type":"page","link":"https:\/\/narnihs.org\/?page_id=2454","title":{"rendered":"About NARNiHS 2024"},"content":{"rendered":"<p><em>After three all-online editions, the NARNiHS Annual Meeting is back in-person! We encourage our fellow historical sociolinguists and scholars from related fields from our global scholarly community (in addition to North America) to join us in New York City for our Sixth Annual Meeting.<\/em><\/p>\n<p>The North American Research Network in Historical Sociolinguistics (NARNiHS) will hold its Sixth Annual Meeting (NARNiHS 2024) Thursday, January 4 \u2013 Friday, January 5, 2024.<\/p>\n<p>As a Sister Society of the <a href=\"https:\/\/www.linguisticsociety.org\/\" target=\"_blank\" rel=\"noopener noreferrer\">Linguistic Society of America (LSA)<\/a>, the meeting will be co-located with the <a href=\"https:\/\/virtual.oxfordabstracts.com\/#\/event\/public\/4438\/information?page=1813\" target=\"_blank\" rel=\"noopener noreferrer\">LSA 2024 Annual Meeting<\/a> at the Sheraton New York Times Square hotel in New York City.<\/p>\n<p>&gt;&gt; <a href=\"https:\/\/narnihs.org\/?page_id=2457\"><span style=\"color: #339966;\"><strong>Call for Abstracts<\/strong><\/span><\/a> &lt;&lt;<br \/>\n&gt;&gt; <a href=\"https:\/\/narnihs.org\/?page_id=2524\"><span style=\"color: #339966;\"><strong>Conference Program<\/strong><\/span><\/a> &lt;&lt;<\/p>\n<p><span style=\"text-decoration: underline;\">Organizing Committee<\/span><br \/>\nCarolina Amador-Moreno, Universidad de Extremadura.<br \/>\nIsrael Sanz-S\u00e1nchez, West Chester University.<br \/>\nSandrine Tailleur, Universit\u00e9 du Qu\u00e9bec \u00e0 Chicoutimi.<\/p>\n<p><span style=\"text-decoration: underline;\">Scientific Committee<\/span><br \/>\nCarolina Amador-Moreno, Universidad de Extremadura.<br \/>\nJoshua Bousquette, University of Georgia.<br \/>\nSam[antha] Litty, Europa-Universit\u00e4t Flensburg.<br \/>\nVicente Lled\u00f3-Guillem, Hofstra University.<br \/>\nLaura Moquin, University of Wisconsin-Madison.<br \/>\nIsrael Sanz-S\u00e1nchez, West Chester University.<br \/>\nSandrine Tailleur, Universit\u00e9 du Qu\u00e9bec \u00e0 Chicoutimi.<br \/>\nJenelle Thomas, University of Oxford.<br \/>\nDonald Tuten, Emory University.<br \/>\nKelly E. Wright, University of Michigan.<\/p>\n","protected":false},"excerpt":{"rendered":"<p>After three all-online editions, the NARNiHS Annual Meeting is back in-person! We encourage our fellow historical sociolinguists and scholars from related fields from our global scholarly community (in addition to North America) to join us in New York City for our Sixth Annual Meeting. The North American Research Network in Historical Sociolinguistics (NARNiHS) will hold &hellip; <\/p>\n<p class=\"link-more\"><a href=\"https:\/\/narnihs.org\/?page_id=2454\" class=\"more-link\">Continue reading<span class=\"screen-reader-text\"> &#8220;About NARNiHS 2024&#8221;<\/span><\/a><\/p>\n","protected":false},"author":4,"featured_media":0,"parent":2448,"menu_order":0,"comment_status":"closed","ping_status":"closed","template":"","meta":{"footnotes":""},"class_list":["post-2454","page","type-page","status-publish","hentry"],"_links":{"self":[{"href":"https:\/\/narnihs.org\/index.php?rest_route=\/wp\/v2\/pages\/2454","targetHints":{"allow":["GET"]}}],"collection":[{"href":"https:\/\/narnihs.org\/index.php?rest_route=\/wp\/v2\/pages"}],"about":[{"href":"https:\/\/narnihs.org\/index.php?rest_route=\/wp\/v2\/types\/page"}],"author":[{"embeddable":true,"href":"https:\/\/narnihs.org\/index.php?rest_route=\/wp\/v2\/users\/4"}],"replies":[{"embeddable":true,"href":"https:\/\/narnihs.org\/index.php?rest_route=%2Fwp%2Fv2%2Fcomments&post=2454"}],"version-history":[{"count":5,"href":"https:\/\/narnihs.org\/index.php?rest_route=\/wp\/v2\/pages\/2454\/revisions"}],"predecessor-version":[{"id":2846,"href":"https:\/\/narnihs.org\/index.php?rest_route=\/wp\/v2\/pages\/2454\/revisions\/2846"}],"up":[{"embeddable":true,"href":"https:\/\/narnihs.org\/index.php?rest_route=\/wp\/v2\/pages\/2448"}],"wp:attachment":[{"href":"https:\/\/narnihs.org\/index.php?rest_route=%2Fwp%2Fv2%2Fmedia&parent=2454"}],"curies":[{"name":"wp","href":"https:\/\/api.w.org\/{rel}","templated":true}]}}