{"id":2494,"date":"2023-11-15T21:42:59","date_gmt":"2023-11-15T21:42:59","guid":{"rendered":"https:\/\/narnihs.org\/?page_id=2494"},"modified":"2026-02-18T23:58:46","modified_gmt":"2026-02-18T23:58:46","slug":"2024-research-incubator","status":"publish","type":"page","link":"https:\/\/narnihs.org\/?page_id=2494","title":{"rendered":"2024 Research Incubator"},"content":{"rendered":"<p>The North American Research Network in Historical Sociolinguistics (NARNiHS) will hold its sixth annual <strong><em>NARNiHS Research Incubator<\/em><\/strong>, 25-27 April 2024.<\/p>\n<p>The 2024 NARNiHS Research Incubator will take place as an <strong>entirely online<\/strong> event. This presents a great opportunity for scholars in historical sociolinguistics from all over the world to participate as presenters and\/or attendees without the limitations imposed by international travel, and we encourage our fellow historical sociolinguists, and scholars from related fields, from our global scholarly community (in addition to North America), to join us for our Research Incubator this coming spring.<\/p>\n<p><strong>All NARNiHS members welcome!\u00a0\u00a0Not a NARNiHS member yet?<\/strong><br \/>\n<em>Follow these easy instructions to sign up for membership: <a href=\"https:\/\/narnihs.org\/?page_id=2\">https:\/\/narnihs.org\/?page_id=2<\/a><\/em><\/p>\n<p>&gt;&gt; <a href=\"https:\/\/narnihs.org\/?page_id=2510\"><span style=\"color: #339966;\"><strong>Call for Abstracts<\/strong><\/span><\/a> &lt;&lt;<br \/>\n&gt;&gt; <a href=\"https:\/\/narnihs.org\/?page_id=2728\"><span style=\"color: #339966;\"><strong>Conference Program<\/strong><\/span><\/a> &lt;&lt;<\/p>\n<p><span style=\"text-decoration: underline;\">Organizing Committee<\/span><br \/>\nCarolina Amador-Moreno, Universidad de Extremadura.<br \/>\nSandrine Tailleur, Universit\u00e9 du Qu\u00e9bec \u00e0 Chicoutimi.<br \/>\nKelly E. Wright, Virginia Tech.<\/p>\n<p><span style=\"text-decoration: underline;\">Scientific Committee<\/span><br \/>\nCarolina Amador-Moreno, Universidad de Extremadura.<br \/>\nJoshua Bousquette, University of Georgia.<br \/>\nYasmin Crombez, Vrije Universiteit Brussel &amp; FWO.<br \/>\nVicente Lled\u00f3-Guillem, Hofstra University.<br \/>\nLaura Moquin, University of Wisconsin-Madison.<br \/>\nJoseph Salmons, University of Wisconsin-Madison.<br \/>\nSandrine Tailleur, Universit\u00e9 du Qu\u00e9bec \u00e0 Chicoutimi.<br \/>\nDonald Tuten, Emory University.<br \/>\nKelly E. Wright, Virginia Tech<br \/>\nAaron Yamada, Creighton University.<\/p>\n","protected":false},"excerpt":{"rendered":"<p>The North American Research Network in Historical Sociolinguistics (NARNiHS) will hold its sixth annual NARNiHS Research Incubator, 25-27 April 2024. The 2024 NARNiHS Research Incubator will take place as an entirely online event. This presents a great opportunity for scholars in historical sociolinguistics from all over the world to participate as presenters and\/or attendees without &hellip; <\/p>\n<p class=\"link-more\"><a href=\"https:\/\/narnihs.org\/?page_id=2494\" class=\"more-link\">Continue reading<span class=\"screen-reader-text\"> &#8220;2024 Research Incubator&#8221;<\/span><\/a><\/p>\n","protected":false},"author":4,"featured_media":0,"parent":523,"menu_order":3,"comment_status":"closed","ping_status":"closed","template":"","meta":{"footnotes":""},"class_list":["post-2494","page","type-page","status-publish","hentry"],"_links":{"self":[{"href":"https:\/\/narnihs.org\/index.php?rest_route=\/wp\/v2\/pages\/2494","targetHints":{"allow":["GET"]}}],"collection":[{"href":"https:\/\/narnihs.org\/index.php?rest_route=\/wp\/v2\/pages"}],"about":[{"href":"https:\/\/narnihs.org\/index.php?rest_route=\/wp\/v2\/types\/page"}],"author":[{"embeddable":true,"href":"https:\/\/narnihs.org\/index.php?rest_route=\/wp\/v2\/users\/4"}],"replies":[{"embeddable":true,"href":"https:\/\/narnihs.org\/index.php?rest_route=%2Fwp%2Fv2%2Fcomments&post=2494"}],"version-history":[{"count":12,"href":"https:\/\/narnihs.org\/index.php?rest_route=\/wp\/v2\/pages\/2494\/revisions"}],"predecessor-version":[{"id":2809,"href":"https:\/\/narnihs.org\/index.php?rest_route=\/wp\/v2\/pages\/2494\/revisions\/2809"}],"up":[{"embeddable":true,"href":"https:\/\/narnihs.org\/index.php?rest_route=\/wp\/v2\/pages\/523"}],"wp:attachment":[{"href":"https:\/\/narnihs.org\/index.php?rest_route=%2Fwp%2Fv2%2Fmedia&parent=2494"}],"curies":[{"name":"wp","href":"https:\/\/api.w.org\/{rel}","templated":true}]}}