{"id":2524,"date":"2023-12-10T03:36:29","date_gmt":"2023-12-10T03:36:29","guid":{"rendered":"https:\/\/narnihs.org\/?page_id=2524"},"modified":"2024-11-26T00:53:18","modified_gmt":"2024-11-26T00:53:18","slug":"program-narnihs-2024","status":"publish","type":"page","link":"https:\/\/narnihs.org\/?page_id=2524","title":{"rendered":"Program: NARNiHS 2024"},"content":{"rendered":"<h2><span style=\"color: #339966;\"><strong>Official Program for NARNiHS 2024<\/strong><\/span><\/h2>\n<p><span style=\"font-size: 14pt;\"><strong>Sixth Annual Meeting<br \/>\nNorth American Research Network in Historical Sociolinguistics<\/strong><\/span><br \/>\n<em>A Sister Society of the Linguistic Society of America (LSA)<\/em><br \/>\n<span style=\"font-size: 10pt;\">[ <a href=\"https:\/\/virtual.oxfordabstracts.com\/#\/event\/public\/4438\/information?page=1813\" target=\"_blank\" rel=\"noopener noreferrer\">go to the site of the LSA 2024 Annual Meeting<\/a> ]<\/span><\/p>\n<p><span style=\"font-size: 14pt; color: #ff0000;\">After three all-online editions, the NARNiHS Annual Meeting is <strong>back in person!<\/strong><\/span><\/p>\n<p><strong>==&gt;<\/strong> Find the NARNiHS 2024 program also in <a href=\"https:\/\/virtual.oxfordabstracts.com\/#\/event\/public\/4438\/program\" target=\"_blank\" rel=\"noopener\">the full LSA program<\/a>.<\/p>\n<p><!--<strong>==&gt;<\/strong> download the official <a href=\"https:\/\/narnihs.org\/wp-content\/uploads\/2022\/12\/Official_Program_for_NARNiHS_2023_Booklet_FINAL02.pdf\" target=\"_blank\" rel=\"noopener\">NARNiHS 2023 program<\/a> as PDF\n\n--><\/p>\n<hr align=\"center\" \/>\n<p><span style=\"color: #339966; font-size: 14pt;\"><strong>Thursday, 4 January 2024<\/strong><\/span><\/p>\n<p><strong>Session 1<\/strong><br \/>\n<strong>Time:\u00a0\u00a015:00\u201316:30 (New York)<\/strong><br \/>\n<strong>Location:<\/strong>\u00a0\u00a0Murray Hill, Lower Level<br \/>\n<strong>Chair:<\/strong>\u00a0\u00a0Kelly Elizabeth Wright (Virginia Polytechnic University, USA)<\/p>\n<table border=\"0\">\n<tbody>\n<tr align=\"left\" valign=\"top\">\n<td><strong>15:00<\/strong><\/td>\n<td>Reconstructing historical sociolinguistic contact landscapes: Assessing metalinguistic evidence from Mexico-Tenochtitlan (1524-1630).\u00a0\u00a0<span style=\"font-size: 10pt;\">[<a href=\"https:\/\/narnihs.org\/wp-content\/uploads\/NARNiHS2024_fullabstracts\/Session1_SanzSanchez_NARNiHS2024.pdf\" target=\"_blank\" rel=\"noopener\">abstract<\/a>]<\/span><br \/>\n<em>Israel Sanz-S\u00e1nchez (West Chester University, USA).<\/em><\/td>\n<\/tr>\n<tr align=\"left\" valign=\"top\">\n<td><strong>15:30<\/strong><\/td>\n<td>Context matters: a comparison of lexical borrowing in 19th \u2013 20th century American-Flemish heritage newspapers and ego-documents.\u00a0\u00a0<span style=\"font-size: 10pt;\">[<a href=\"https:\/\/narnihs.org\/wp-content\/uploads\/NARNiHS2024_fullabstracts\/Session1_Crombez_NARNiHS2024.pdf\" target=\"_blank\" rel=\"noopener\">abstract<\/a>]<\/span><br \/>\n<em>Yasmin Crombez (Vrije Universiteit Brussel (VUB) &#8211; Fonds Wetenschappelijk Onderzoek Vlaanderen (FWO), Belgium).<\/em><\/td>\n<\/tr>\n<tr align=\"left\" valign=\"top\">\n<td><strong>16:00<\/strong><\/td>\n<td>Phonological variation in Baghdadi Judeo-Arabic: Orthographic evidence from three 18th\u201320th century pop lit texts.\u00a0\u00a0<span style=\"font-size: 10pt;\">[<a href=\"https:\/\/narnihs.org\/wp-content\/uploads\/NARNiHS2024_fullabstracts\/Session1_Horesh_NARNiHS2024.pdf\" target=\"_blank\" rel=\"noopener\">abstract<\/a>]<\/span><br \/>\n<em>Uri Horesh (University of Essex, Great Britain).<\/em><\/td>\n<\/tr>\n<\/tbody>\n<\/table>\n<p><span style=\"color: #339966; font-size: 14pt;\"><strong>Thursday, 4 January 2024<\/strong><\/span><\/p>\n<p><strong>Session 2<\/strong><br \/>\n<strong>Time:\u00a0\u00a016:30-17:30 (New York)<\/strong><br \/>\n<strong>Location:<\/strong>\u00a0\u00a0Murray Hill, Lower Level<br \/>\n<strong>Chair:<\/strong>\u00a0 Laura Moquin (University of Wisconsin-Madison, USA)<\/p>\n<table border=\"0\">\n<tbody>\n<tr align=\"left\" valign=\"top\">\n<td><strong>16:30<\/strong><\/td>\n<td>Religious influences in Spanish diachronic semantic change.\u00a0\u00a0<span style=\"font-size: 10pt;\">[<a href=\"https:\/\/narnihs.org\/wp-content\/uploads\/NARNiHS2024_fullabstracts\/Session2_Yamada_NARNiHS2024.pdf\" target=\"_blank\" rel=\"noopener\">abstract<\/a>]<\/span><br \/>\n<em>Aaron Yamada (Creighton University, USA).<\/em><\/td>\n<\/tr>\n<tr align=\"left\" valign=\"top\">\n<td><strong>17:00<\/strong><\/td>\n<td>Por tanto, a VS suplico: The functions of discourse markers in Colonial Louisiana Spanish.\u00a0\u00a0<span style=\"font-size: 10pt;\">[<a href=\"https:\/\/narnihs.org\/wp-content\/uploads\/NARNiHS2024_fullabstracts\/Session2_King_NARNiHS2024.pdf\" target=\"_blank\" rel=\"noopener\">abstract<\/a>]<\/span><br \/>\n<em>Jeremy King (Louisiana State University, USA).<\/em><\/td>\n<\/tr>\n<tr align=\"left\" valign=\"top\">\n<td><strong><s>17:30<\/s><\/strong><\/td>\n<td><s>The Broadcast of TV3 in the Catalan-Speaking Lands: Questioning Sociolinguistic Naturalism with Pompeu Fabra and The Royal Chancellery.<br \/>\n<em>Vicente Lled\u00f3-Guillem (Hofstra University, USA).<\/em><\/s><\/td>\n<\/tr>\n<\/tbody>\n<\/table>\n<p><span style=\"color: #339966; font-size: 14pt;\"><strong>Friday, 5 January 2024<\/strong><\/span><\/p>\n<p><strong>Session 3<\/strong><br \/>\n<strong>Time:\u00a0\u00a012:00-13:30 (New York)<\/strong><br \/>\n<strong>Location:<\/strong>\u00a0\u00a0Murray Hill, Lower Level<br \/>\n<strong>Chair:<\/strong>\u00a0 Israel Sanz-S\u00e1nchez (West Chester University, USA)<\/p>\n<table border=\"0\">\n<tbody>\n<tr align=\"left\" valign=\"top\">\n<td><strong>12:00<\/strong><\/td>\n<td>&#8220;The brogue is common everywhere in Ireland, but you are taught to avoid it in reading&#8221;: notions of correctness and speakers\u2019 attitudes in nineteenth century Ireland.\u00a0\u00a0<span style=\"font-size: 10pt;\">[<a href=\"https:\/\/narnihs.org\/wp-content\/uploads\/NARNiHS2024_fullabstracts\/Session3_AmadorMoreno_NARNIHS2024.pdf\" target=\"_blank\" rel=\"noopener\">abstract<\/a>]<\/span><br \/>\n<em>Carolina Amador Moreno (Universidad de Extremadura, Spain and Universitetet i Bergen, Norway).<\/em><\/td>\n<\/tr>\n<tr align=\"left\" valign=\"top\">\n<td><strong>12:30<\/strong><\/td>\n<td>Uncovering agents of implementation in Chile: the role of primary school supervisors in the negotiation of a standard language regime between 1852-1861.\u00a0\u00a0<span style=\"font-size: 10pt;\">[<a href=\"https:\/\/narnihs.org\/wp-content\/uploads\/NARNiHS2024_fullabstracts\/Session3_AvilesVergara_NARNiHS2024.pdf\" target=\"_blank\" rel=\"noopener\">abstract<\/a>]<\/span><br \/>\n<em>Tania Avil\u00e9s Vergara (Universidad Cat\u00f3lica de Temuco, Chile \/ ANID &#8211; Fondecyt Iniciaci\u00f3n 11230628).<\/em><\/td>\n<\/tr>\n<tr align=\"left\" valign=\"top\">\n<td><strong>13:00<\/strong><\/td>\n<td>&#8220;Ai miei bravi soldati&#8221;: Linguistic Ideologies and Colonial Pedagogies in Italian-occupied East Africa (1885-1947).\u00a0\u00a0<span style=\"font-size: 10pt;\">[<a href=\"https:\/\/narnihs.org\/wp-content\/uploads\/NARNiHS2024_fullabstracts\/Session3_Martin_NARNiHS2024.pdf\" target=\"_blank\" rel=\"noopener\">abstract<\/a>]<\/span><br \/>\n<em>Kevin Mart\u00edn (University of California, Berkeley, USA).<\/em><\/td>\n<\/tr>\n<\/tbody>\n<\/table>\n<p><span style=\"color: #339966; font-size: 14pt;\"><strong>Friday, 5 January 2024<\/strong><\/span><\/p>\n<p><strong>Session 4<\/strong><br \/>\n<strong>Time:\u00a0\u00a013:45-14:45 (New York)<\/strong><br \/>\n<strong>Location:<\/strong>\u00a0\u00a0Murray Hill, Lower Level<br \/>\n<strong>Chair:<\/strong>\u00a0 Sandrine Tailleur (Universit\u00e9 du Qu\u00e9bec \u00e0 Chicoutimi, Canada)<\/p>\n<table border=\"0\">\n<tbody>\n<tr align=\"left\" valign=\"top\">\n<td><strong>13:45<\/strong><\/td>\n<td>The Verticalization of African American Sociolinguistic Labor.\u00a0\u00a0<span style=\"font-size: 10pt;\">[<a href=\"https:\/\/narnihs.org\/wp-content\/uploads\/NARNiHS2024_fullabstracts\/Session4_Wright_NARNiHS2024.pdf\" target=\"_blank\" rel=\"noopener\">abstract<\/a>]<\/span><br \/>\n<em>Kelly Elizabeth Wright (Virginia Polytechnic University, USA).<\/em><\/td>\n<\/tr>\n<tr align=\"left\" valign=\"top\">\n<td><strong>14:15<\/strong><\/td>\n<td>&#8220;The actual words of the witness were not included&#8221;: credibility, accuracy, and verbatimness in 18th and 19th century Flemish courtroom records.\u00a0\u00a0<span style=\"font-size: 10pt;\">[<a href=\"https:\/\/narnihs.org\/wp-content\/uploads\/NARNiHS2024_fullabstracts\/Session4_Serwadczak_NARNiHS2024.pdf\" target=\"_blank\" rel=\"noopener\">abstract<\/a>]<\/span><br \/>\n<em>Magda Serwadczak, Rik Vosters, Mieke Vandenbroucke (Vrije Universiteit Brussel &amp; Universiteit Antwerpen, Belgium).<\/em><\/td>\n<\/tr>\n<tr align=\"left\" valign=\"top\">\n<td><strong><s>14:45<\/s><\/strong><\/td>\n<td><s>\u00ab \u00c7a va venir d\u00e9couragez-vous pas \u00bb : La Bolduc singer, from textual to oral sources.<br \/>\n<em>France Martineau and Nikita Kambl\u00e9-Bagal (University of Ottawa, Canada).<\/em><\/s><\/td>\n<\/tr>\n<\/tbody>\n<\/table>\n<p><span style=\"color: #339966; font-size: 14pt;\"><strong>Friday, 5 January 2024<\/strong><\/span><\/p>\n<p><strong>Session 5<\/strong><br \/>\n<strong>Time:\u00a0\u00a015:00-16:00 (New York)<\/strong><br \/>\n<strong>Location:<\/strong>\u00a0\u00a0Murray Hill, Lower Level<br \/>\n<strong>Chair:<\/strong>\u00a0 Carolina Amador-Moreno (Universidad de Extremadura, Spain and Universitetet i Bergen, Norway)<\/p>\n<table border=\"0\">\n<tbody>\n<tr align=\"left\" valign=\"top\">\n<td><strong><s>15:30<\/s><\/strong><\/td>\n<td><s>&#8220;&#8216;Oh, because.&#8217; That\u2019s a girl\u2019s reason, and it\u2019s a funny one.&#8221; (Brooks 1911) Gender, power relations, and stand-alone because in late Modern English.<br \/>\n<em>Alexander Bergs (Universit\u00e4t Osnabr\u00fcck, Germany).<\/em><\/s><\/td>\n<\/tr>\n<tr align=\"left\" valign=\"top\">\n<td><span style=\"color: #ff0000;\"><strong>15:00<\/strong><\/span><\/td>\n<td>Concluding remarks and NARNiHS General Meeting\u00a0\u00a0(open to all).<br \/>\n<em>Sandrine Tailleur (Universit\u00e9 du Qu\u00e9bec \u00e0 Chicoutimi, Canada).<\/em><br \/>\n<span style=\"color: #ff0000;\"><em><strong>Note<\/strong> that this meeting is planned for one hour.<\/em><\/span><\/td>\n<\/tr>\n<\/tbody>\n<\/table>\n","protected":false},"excerpt":{"rendered":"<p>Official Program for NARNiHS 2024 Sixth Annual Meeting North American Research Network in Historical Sociolinguistics A Sister Society of the Linguistic Society of America (LSA) [ go to the site of the LSA 2024 Annual Meeting ] After three all-online editions, the NARNiHS Annual Meeting is back in person! ==&gt; Find the NARNiHS 2024 program &hellip; <\/p>\n<p class=\"link-more\"><a href=\"https:\/\/narnihs.org\/?page_id=2524\" class=\"more-link\">Continue reading<span class=\"screen-reader-text\"> &#8220;Program: NARNiHS 2024&#8221;<\/span><\/a><\/p>\n","protected":false},"author":4,"featured_media":0,"parent":2448,"menu_order":0,"comment_status":"closed","ping_status":"closed","template":"","meta":{"footnotes":""},"class_list":["post-2524","page","type-page","status-publish","hentry"],"_links":{"self":[{"href":"https:\/\/narnihs.org\/index.php?rest_route=\/wp\/v2\/pages\/2524","targetHints":{"allow":["GET"]}}],"collection":[{"href":"https:\/\/narnihs.org\/index.php?rest_route=\/wp\/v2\/pages"}],"about":[{"href":"https:\/\/narnihs.org\/index.php?rest_route=\/wp\/v2\/types\/page"}],"author":[{"embeddable":true,"href":"https:\/\/narnihs.org\/index.php?rest_route=\/wp\/v2\/users\/4"}],"replies":[{"embeddable":true,"href":"https:\/\/narnihs.org\/index.php?rest_route=%2Fwp%2Fv2%2Fcomments&post=2524"}],"version-history":[{"count":41,"href":"https:\/\/narnihs.org\/index.php?rest_route=\/wp\/v2\/pages\/2524\/revisions"}],"predecessor-version":[{"id":3005,"href":"https:\/\/narnihs.org\/index.php?rest_route=\/wp\/v2\/pages\/2524\/revisions\/3005"}],"up":[{"embeddable":true,"href":"https:\/\/narnihs.org\/index.php?rest_route=\/wp\/v2\/pages\/2448"}],"wp:attachment":[{"href":"https:\/\/narnihs.org\/index.php?rest_route=%2Fwp%2Fv2%2Fmedia&parent=2524"}],"curies":[{"name":"wp","href":"https:\/\/api.w.org\/{rel}","templated":true}]}}