{"id":2923,"date":"2024-11-21T00:22:06","date_gmt":"2024-11-21T00:22:06","guid":{"rendered":"https:\/\/narnihs.org\/?page_id=2923"},"modified":"2026-02-19T00:00:40","modified_gmt":"2026-02-19T00:00:40","slug":"2025-research-incubator","status":"publish","type":"page","link":"https:\/\/narnihs.org\/?page_id=2923","title":{"rendered":"2025 Research Incubator"},"content":{"rendered":"<p>The North American Research Network in Historical Sociolinguistics (NARNiHS) will hold its seventh annual <strong><em>NARNiHS Research Incubator<\/em><\/strong>, 25-27 April 2025.<\/p>\n<p>The 2025 NARNiHS Research Incubator is an entirely online event (<strong><span style=\"color: #b82121;\">with free registration<\/span><\/strong>). This event offers an opportunity for scholars in historical sociolinguistics from all over the world to participate in cutting edge research without the limitations imposed by international travel. We encourage our fellow historical sociolinguists and scholars from related fields in our global scholarly community to join us online for our Research Incubator this spring.<\/p>\n<p><strong>All NARNiHS members welcome!\u00a0\u00a0Not a NARNiHS member yet?<\/strong><br \/>\n<em>Follow these easy instructions to sign up for membership: <a href=\"https:\/\/narnihs.org\/?page_id=2\">https:\/\/narnihs.org\/?page_id=2<\/a><\/em><\/p>\n<p>&gt;&gt; <a href=\"https:\/\/narnihs.org\/?page_id=2935\"><span style=\"color: #339966;\"><strong>Call for Abstracts<\/strong><\/span><\/a> &lt;&lt;<\/p>\n<p><!--&gt;&gt; <a href=\"https:\/\/narnihs.org\/?page_id=2728\"><span style=\"color: #339966;\"><strong>Conference Program<\/strong><\/span><\/a> &lt;&lt;\n\n--><span style=\"text-decoration: underline;\">Conference Organizer<\/span><br \/>\nKelly Elizabeth Wright, University of Wisconsin-Madison<\/p>\n<p><!--<span style=\"text-decoration: underline;\">Scientific Committee<\/span>\nCarolina Amador-Moreno, Universidad de Extremadura.\nJoshua Bousquette, University of Georgia.\nYasmin Crombez, Vrije Universiteit Brussel &amp; FWO.\nVicente Lled\u00f3-Guillem, Hofstra University.\nLaura Moquin, University of Wisconsin-Madison.\nJoseph Salmons, University of Wisconsin-Madison.\nSandrine Tailleur, Universit\u00e9 du Qu\u00e9bec \u00e0 Chicoutimi.\nDonald Tuten, Emory University.\nKelly E. Wright, Virginia Tech\nAaron Yamada, Creighton University.\n\n--><\/p>\n","protected":false},"excerpt":{"rendered":"<p>The North American Research Network in Historical Sociolinguistics (NARNiHS) will hold its seventh annual NARNiHS Research Incubator, 25-27 April 2025. The 2025 NARNiHS Research Incubator is an entirely online event (with free registration). This event offers an opportunity for scholars in historical sociolinguistics from all over the world to participate in cutting edge research without &hellip; <\/p>\n<p class=\"link-more\"><a href=\"https:\/\/narnihs.org\/?page_id=2923\" class=\"more-link\">Continue reading<span class=\"screen-reader-text\"> &#8220;2025 Research Incubator&#8221;<\/span><\/a><\/p>\n","protected":false},"author":4,"featured_media":0,"parent":523,"menu_order":2,"comment_status":"closed","ping_status":"closed","template":"","meta":{"footnotes":""},"class_list":["post-2923","page","type-page","status-publish","hentry"],"_links":{"self":[{"href":"https:\/\/narnihs.org\/index.php?rest_route=\/wp\/v2\/pages\/2923","targetHints":{"allow":["GET"]}}],"collection":[{"href":"https:\/\/narnihs.org\/index.php?rest_route=\/wp\/v2\/pages"}],"about":[{"href":"https:\/\/narnihs.org\/index.php?rest_route=\/wp\/v2\/types\/page"}],"author":[{"embeddable":true,"href":"https:\/\/narnihs.org\/index.php?rest_route=\/wp\/v2\/users\/4"}],"replies":[{"embeddable":true,"href":"https:\/\/narnihs.org\/index.php?rest_route=%2Fwp%2Fv2%2Fcomments&post=2923"}],"version-history":[{"count":15,"href":"https:\/\/narnihs.org\/index.php?rest_route=\/wp\/v2\/pages\/2923\/revisions"}],"predecessor-version":[{"id":3092,"href":"https:\/\/narnihs.org\/index.php?rest_route=\/wp\/v2\/pages\/2923\/revisions\/3092"}],"up":[{"embeddable":true,"href":"https:\/\/narnihs.org\/index.php?rest_route=\/wp\/v2\/pages\/523"}],"wp:attachment":[{"href":"https:\/\/narnihs.org\/index.php?rest_route=%2Fwp%2Fv2%2Fmedia&parent=2923"}],"curies":[{"name":"wp","href":"https:\/\/api.w.org\/{rel}","templated":true}]}}